{"id":15619,"date":"2018-01-22T15:18:35","date_gmt":"2018-01-22T15:18:35","guid":{"rendered":"http:\/\/www.cardiovex.com.ar\/_stagec\/?page_id=15619"},"modified":"2025-04-04T14:25:26","modified_gmt":"2025-04-04T14:25:26","slug":"descargas","status":"publish","type":"page","link":"https:\/\/cardiovex.com.ar\/_stagec\/descargas\/","title":{"rendered":"Descargas"},"content":{"rendered":"<p>[vc_row row_type=\u00bbrow\u00bb use_row_as_full_screen_section=\u00bbno\u00bb type=\u00bbgrid\u00bb angled_section=\u00bbno\u00bb text_align=\u00bbleft\u00bb background_image_as_pattern=\u00bbwithout_pattern\u00bb background_color=\u00bb#ffffff\u00bb padding_top=\u00bb120&#8243; padding_bottom=\u00bb80&#8243; css_animation=\u00bb\u00bb][vc_column width=\u00bb1\/2&#8243;][vc_single_image image=\u00bb16376&#8243; img_size=\u00bbfull\u00bb qode_css_animation=\u00bb\u00bb][vc_separator type=\u00bbtransparent\u00bb up=\u00bb30&#8243; down=\u00bb0&#8243;][\/vc_column][vc_column width=\u00bb1\/2&#8243;][vc_column_text]<\/p>\n<h2>CardioVex Holter<\/h2>\n<p>[\/vc_column_text][vc_separator type=\u00bbtransparent\u00bb up=\u00bb35&#8243; down=\u00bb0&#8243;][vc_column_text]\u00a0<strong>Equipos NUEVOS que funcionan con Memoria Extra\u00edble. Versi\u00f3n (4.8.8.0)<\/strong><\/p>\n<p>Contiene el instalador m\u00e1s reciente del programa CardioVex Holter para Windows. <strong>\u00a0<\/strong><\/p>\n<p>[\/vc_column_text]<a  itemprop=\"url\" href=\"https:\/\/cardiovex.com.ar\/_stagec\/wp-content\/Descargas\/HOLTER\/CardioVexHolter-Setup-4.8.8.0.exe\" target=\"_self\"  class=\"qbutton  center default\" style=\"font-style: normal; \">DESCARGAR<\/a>[vc_separator type=\u00bbtransparent\u00bb up=\u00bb35&#8243; down=\u00bb0&#8243;][vc_column_text]<strong>Modelo Anterior (USB):<\/strong> Contiene el archivo de instalaci\u00f3n del programa CardioVex Holter USB\/SD para Windows. <strong>Versi\u00f3n (4.1.2.0)<\/strong><\/p>\n<p><em>\u00daltima verificaci\u00f3n <strong>Abril 2025<\/strong><\/em><\/p>\n<p>[\/vc_column_text]<a  itemprop=\"url\" href=\"https:\/\/cardiovex.com.ar\/_stagec\/wp-content\/Descargas\/HOLTER\/CardioVexHolter-Setup_Soporte USB-4.1.2.0.exe\" target=\"_self\"  class=\"qbutton  center default\" style=\"font-style: normal; \">DESCARGAR<\/a>[vc_separator type=\u00bbtransparent\u00bb up=\u00bb30&#8243; down=\u00bb0&#8243;][\/vc_column][\/vc_row][vc_row row_type=\u00bbrow\u00bb use_row_as_full_screen_section=\u00bbno\u00bb type=\u00bbgrid\u00bb angled_section=\u00bbno\u00bb text_align=\u00bbleft\u00bb background_image_as_pattern=\u00bbwithout_pattern\u00bb padding_top=\u00bb120&#8243; padding_bottom=\u00bb80&#8243; css_animation=\u00bb\u00bb][vc_column width=\u00bb1\/2&#8243;][vc_column_text]<\/p>\n<h2>CardioVex Ergometr\u00eda de 12 Derivaciones<\/h2>\n<p>[\/vc_column_text][vc_separator type=\u00bbtransparent\u00bb up=\u00bb35&#8243; down=\u00bb0&#8243;][vc_column_text]<strong>Versi\u00f3n 1 (1.10.2.1)<\/strong>: Contiene el archivo de instalaci\u00f3n del programa CardioVex Ergometr\u00eda de 12 derivaciones para Windows (Equipos con n\u00famero de serie EU12 EU13-xx\/1xxx). <strong>\u00a0<\/strong>\u00daltima verificaci\u00f3n<strong> Abril 2025<\/strong><\/p>\n<p>[\/vc_column_text]<a  itemprop=\"url\" href=\"https:\/\/cardiovex.com.ar\/_stagec\/wp-content\/Descargas\/ERGOMETRIA\/CardioVexErgometria-Setup-1.10.2.1.exe\" target=\"_self\"  class=\"qbutton  center default\" style=\"font-style: normal; \">DESCARGAR<\/a>[vc_separator type=\u00bbtransparent\u00bb up=\u00bb35&#8243; down=\u00bb0&#8243;][vc_column_text]<strong>Versi\u00f3n 2 (2.14.3.0)<\/strong>: Contiene el archivo de instalaci\u00f3n del programa CardioVex Ergometr\u00eda de 12 derivaciones para Windows. (Equipos con N\u00famero de serie EU13-xx\/2xxx).\u00a0 \u00daltima verificaci\u00f3n<strong> Abril 2025<\/strong><\/p>\n<p>[\/vc_column_text]<a  itemprop=\"url\" href=\"https:\/\/cardiovex.com.ar\/_stagec\/wp-content\/Descargas\/ERGOMETRIA\/CardioVexErgometria-Setup-2.14.3.0.exe\" target=\"_self\"  class=\"qbutton  center default\" style=\"font-style: normal; \">DESCARGAR<\/a>[vc_separator type=\u00bbtransparent\u00bb up=\u00bb30&#8243; down=\u00bb0&#8243;][vc_column_text]<\/p>\n<h2>CardioVex Ergometr\u00eda de\u00a03 canales<\/h2>\n<p>[\/vc_column_text][vc_column_text]<strong>Versi\u00f3n 1 (1.10.0.0)<\/strong>: Contiene el archivo de instalaci\u00f3n del programa CardioVex Ergometr\u00eda de 3 derivaciones para Windows. (Equipos con N\u00famero de serie EU3-xx\/1xxx). <strong>\u00a0<\/strong>\u00daltima verificaci\u00f3n<strong> Abril 2025<\/strong><\/p>\n<p>[\/vc_column_text]<a  itemprop=\"url\" href=\"https:\/\/cardiovex.com.ar\/_stagec\/wp-content\/Descargas\/ERGOMETRIA\/3CH\/CardioVexErgo3c-Setup.exe\" target=\"_self\"  class=\"qbutton  center default\" style=\"font-style: normal; \">DESCARGAR<\/a>[\/vc_column][vc_column width=\u00bb1\/2&#8243;][vc_single_image image=\u00bb15699&#8243; img_size=\u00bbfull\u00bb qode_css_animation=\u00bb\u00bb][vc_separator type=\u00bbtransparent\u00bb up=\u00bb30&#8243; down=\u00bb0&#8243;][\/vc_column][\/vc_row][vc_row row_type=\u00bbrow\u00bb use_row_as_full_screen_section=\u00bbno\u00bb type=\u00bbgrid\u00bb angled_section=\u00bbno\u00bb text_align=\u00bbleft\u00bb background_image_as_pattern=\u00bbwithout_pattern\u00bb background_color=\u00bb#ffffff\u00bb padding_top=\u00bb120&#8243; padding_bottom=\u00bb80&#8243; css_animation=\u00bb\u00bb][vc_column width=\u00bb1\/2&#8243;][vc_single_image image=\u00bb15700&#8243; img_size=\u00bbfull\u00bb qode_css_animation=\u00bb\u00bb][vc_separator type=\u00bbtransparent\u00bb up=\u00bb30&#8243; down=\u00bb0&#8243;][\/vc_column][vc_column width=\u00bb1\/2&#8243;][vc_column_text]<\/p>\n<h2>CardioVex ECG 12 derivaciones<\/h2>\n<p>[\/vc_column_text][vc_separator type=\u00bbtransparent\u00bb up=\u00bb35&#8243; down=\u00bb0&#8243;][vc_column_text]<strong>Versi\u00f3n 1\u00a0(1.10.0.8):<\/strong> Contiene el archivo de instalaci\u00f3n para el Software CardioVex ECG 12 derivaciones fabricado hasta el 2012.\u00a0(Equipos con n\u00famero de serie <strong>inferior a ECG12-xx\/209)<\/strong>. \u00daltima verificaci\u00f3n<strong> Abril 2025<\/strong><\/p>\n<p>[\/vc_column_text][vc_separator type=\u00bbtransparent\u00bb up=\u00bb35&#8243; down=\u00bb0&#8243;]<a  itemprop=\"url\" href=\"https:\/\/cardiovex.com.ar\/_stagec\/wp-content\/Descargas\/ECG-12\/CardioVexECG_V1-Setup-1.10.0.8.exe\" target=\"_self\"  class=\"qbutton  center default\" style=\"font-style: normal; \">DESCARGAR<\/a>[vc_separator type=\u00bbtransparent\u00bb up=\u00bb30&#8243; down=\u00bb0&#8243;][vc_column_text]<strong>Versi\u00f3n 2\u00a0(2.12.1.0):<\/strong> Contiene el archivo de instalaci\u00f3n para Windows del software CardioVex ECG de 12 derivaciones fabricado desde 2013.\u00a0(Equipos con N\u00famero de serie <strong>superior o igual a ECG12-xx\/210)<\/strong>. \u00daltima verificaci\u00f3n<strong> Abril 2025<\/strong><\/p>\n<p>[\/vc_column_text]<a  itemprop=\"url\" href=\" https:\/\/cardiovex.com.ar\/_stagec\/wp-content\/Descargas\/ECG-12\/CardioVexECG-Setup-2.12.1.0.exe\" target=\"_self\"  class=\"qbutton  center default\" style=\"font-style: normal; \">DESCARGAR<\/a>[\/vc_column][\/vc_row][vc_row row_type=\u00bbrow\u00bb use_row_as_full_screen_section=\u00bbno\u00bb type=\u00bbgrid\u00bb angled_section=\u00bbno\u00bb text_align=\u00bbleft\u00bb background_image_as_pattern=\u00bbwithout_pattern\u00bb padding_top=\u00bb120&#8243; padding_bottom=\u00bb80&#8243; css_animation=\u00bb\u00bb][vc_column width=\u00bb1\/2&#8243;][vc_column_text]<\/p>\n<h2>CardioVex M.A.P.A.<\/h2>\n<p>[\/vc_column_text][vc_separator type=\u00bbtransparent\u00bb up=\u00bb35&#8243; down=\u00bb0&#8243;][vc_column_text]<strong>Versi\u00f3n (2.7.4.0.):<\/strong> Contiene el archivo de instalaci\u00f3n del programa M.A.P.A para Windows. \u00daltima verificaci\u00f3n<strong> Abril 2025<\/strong><\/p>\n<p>[\/vc_column_text][vc_separator type=\u00bbtransparent\u00bb up=\u00bb35&#8243; down=\u00bb0&#8243;]<a  itemprop=\"url\" href=\"https:\/\/cardiovex.com.ar\/_stagec\/wp-content\/Descargas\/MAPA\/CardioVexMAPA-Setup-2.7.4.0.exe\" target=\"_self\"  class=\"qbutton  center default\" style=\"font-style: normal; \">DESCARGAR<\/a>[vc_separator type=\u00bbtransparent\u00bb up=\u00bb30&#8243; down=\u00bb0&#8243;][\/vc_column][vc_column width=\u00bb1\/2&#8243;][vc_single_image image=\u00bb16233&#8243; img_size=\u00bbfull\u00bb qode_css_animation=\u00bb\u00bb][vc_separator type=\u00bbtransparent\u00bb up=\u00bb30&#8243; down=\u00bb0&#8243;][\/vc_column][\/vc_row][vc_row row_type=\u00bbrow\u00bb use_row_as_full_screen_section=\u00bbno\u00bb type=\u00bbgrid\u00bb angled_section=\u00bbno\u00bb text_align=\u00bbleft\u00bb background_image_as_pattern=\u00bbwithout_pattern\u00bb background_color=\u00bb#ffffff\u00bb padding_top=\u00bb120&#8243; padding_bottom=\u00bb80&#8243; css_animation=\u00bb\u00bb][vc_column width=\u00bb1\/2&#8243;][vc_single_image image=\u00bb16525&#8243; img_size=\u00bbfull\u00bb qode_css_animation=\u00bb\u00bb][vc_separator type=\u00bbtransparent\u00bb up=\u00bb30&#8243; down=\u00bb0&#8243;][\/vc_column][vc_column width=\u00bb1\/2&#8243;][vc_column_text]<\/p>\n<h2>CardioVex ECG Port\u00e1til<\/h2>\n<p>[\/vc_column_text][vc_separator type=\u00bbtransparent\u00bb up=\u00bb35&#8243; down=\u00bb0&#8243;][vc_column_text]<strong>Versi\u00f3n 1\u00a0(1.1.14.0):<\/strong> Contiene el archivo de instalaci\u00f3n de CardioVexECG &#8211; Windows. \u00daltima verificaci\u00f3n <strong>Abril 2025<\/strong><\/p>\n<p>[\/vc_column_text][vc_separator type=\u00bbtransparent\u00bb up=\u00bb35&#8243; down=\u00bb0&#8243;]<a  itemprop=\"url\" href=\"https:\/\/cardiovex.com.ar\/_stagec\/wp-content\/Descargas\/ECG3P\/CardioVexECGPortatil-Setup-1.1.14.0.exe\" target=\"_self\"  class=\"qbutton  center default\" style=\"font-style: normal; \">DESCARGAR<\/a>[vc_separator type=\u00bbtransparent\u00bb up=\u00bb30&#8243; down=\u00bb0&#8243;][\/vc_column][\/vc_row][vc_row row_type=\u00bbrow\u00bb use_row_as_full_screen_section=\u00bbno\u00bb type=\u00bbgrid\u00bb angled_section=\u00bbno\u00bb text_align=\u00bbleft\u00bb background_image_as_pattern=\u00bbwithout_pattern\u00bb padding_top=\u00bb120&#8243; padding_bottom=\u00bb80&#8243; css_animation=\u00bb\u00bb][vc_column][vc_column_text]<\/p>\n<h2>UTILITARIOS<\/h2>\n<p>[\/vc_column_text][\/vc_column][vc_column width=\u00bb1\/4&#8243;][vc_single_image image=\u00bb15703&#8243; img_size=\u00bbfull\u00bb qode_css_animation=\u00bb\u00bb][vc_column_text]<\/p>\n<h4>Driver USB<\/h4>\n<h4><strong>(Windows 7, 10, 11)<\/strong><\/h4>\n<p>[\/vc_column_text][vc_separator type=\u00bbtransparent\u00bb up=\u00bb30&#8243; down=\u00bb0&#8243;][vc_column_text]Driver USB para Equipos CardioVex[\/vc_column_text][vc_separator type=\u00bbtransparent\u00bb up=\u00bb35&#8243; down=\u00bb0&#8243;]<a  itemprop=\"url\" href=\"https:\/\/cardiovex.com.ar\/_stagec\/wp-content\/Descargas\/HERRAMIENTAS\/Driver USB_Win11.exe\" target=\"_self\"  class=\"qbutton  center default\" style=\"font-style: normal; \">DESCARGAR<\/a>[vc_separator type=\u00bbtransparent\u00bb up=\u00bb30&#8243; down=\u00bb0&#8243;][\/vc_column][vc_column width=\u00bb1\/4&#8243;][vc_single_image image=\u00bb15705&#8243; img_size=\u00bbfull\u00bb qode_css_animation=\u00bb\u00bb][vc_column_text]<\/p>\n<h4>PDF Reader<\/h4>\n<p>[\/vc_column_text][vc_separator type=\u00bbtransparent\u00bb up=\u00bb35&#8243; down=\u00bb0&#8243;][vc_column_text]Adobe PDF Reader es el lector oficial de archivos PDF.[\/vc_column_text][vc_separator type=\u00bbtransparent\u00bb up=\u00bb35&#8243; down=\u00bb0&#8243;]<a  itemprop=\"url\" href=\"https:\/\/cardiovex.com.ar\/_stagec\/wp-content\/Descargas\/HERRAMIENTAS\/AdbeRdr810_es_ES.exe\" target=\"_self\"  class=\"qbutton  center default\" style=\"font-style: normal; \">DESCARGAR<\/a>[vc_separator type=\u00bbtransparent\u00bb up=\u00bb30&#8243; down=\u00bb0&#8243;][\/vc_column][vc_column width=\u00bb1\/4&#8243;][vc_single_image image=\u00bb15702&#8243; img_size=\u00bbfull\u00bb qode_css_animation=\u00bb\u00bb][vc_column_text]<\/p>\n<h4>SWinZip<\/h4>\n<p>[\/vc_column_text][vc_separator type=\u00bbtransparent\u00bb up=\u00bb35&#8243; down=\u00bb0&#8243;][vc_column_text]WinZip es uno de los compresores de archivos.[\/vc_column_text][vc_separator type=\u00bbtransparent\u00bb up=\u00bb35&#8243; down=\u00bb0&#8243;]<a  itemprop=\"url\" href=\"https:\/\/download.winzip.com\/gl\/gad\/winzip24.exe\" target=\"_self\"  class=\"qbutton  center default\" style=\"font-style: normal; \">DESCARGAR<\/a>[vc_separator type=\u00bbtransparent\u00bb up=\u00bb30&#8243; down=\u00bb0&#8243;][\/vc_column][vc_column width=\u00bb1\/4&#8243;][vc_single_image image=\u00bb15704&#8243; img_size=\u00bbfull\u00bb qode_css_animation=\u00bb\u00bb][vc_column_text]<\/p>\n<h4>SSD Formatter<\/h4>\n<p>[\/vc_column_text][vc_separator type=\u00bbtransparent\u00bb up=\u00bb35&#8243; down=\u00bb0&#8243;][vc_column_text]Software para formatear tarjetas de memoria SD.[\/vc_column_text][vc_separator type=\u00bbtransparent\u00bb up=\u00bb35&#8243; down=\u00bb0&#8243;]<a  itemprop=\"url\" href=\"https:\/\/cardiovex.com.ar\/_stagec\/wp-content\/Descargas\/HERRAMIENTAS\/SD Formatter.exe\" target=\"_self\"  class=\"qbutton  center default\" style=\"font-style: normal; \">DESCARGAR<\/a>[vc_separator type=\u00bbtransparent\u00bb up=\u00bb30&#8243; down=\u00bb0&#8243;][\/vc_column][\/vc_row]<\/p>\n","protected":false},"excerpt":{"rendered":"<p>[vc_row row_type=\u00bbrow\u00bb use_row_as_full_screen_section=\u00bbno\u00bb type=\u00bbgrid\u00bb angled_section=\u00bbno\u00bb text_align=\u00bbleft\u00bb background_image_as_pattern=\u00bbwithout_pattern\u00bb background_color=\u00bb#ffffff\u00bb padding_top=\u00bb120&#8243; padding_bottom=\u00bb80&#8243; css_animation=\u00bb\u00bb][vc_column width=\u00bb1\/2&#8243;][vc_single_image image=\u00bb16376&#8243; img_size=\u00bbfull\u00bb qode_css_animation=\u00bb\u00bb][vc_separator type=\u00bbtransparent\u00bb up=\u00bb30&#8243; down=\u00bb0&#8243;][\/vc_column][vc_column width=\u00bb1\/2&#8243;][vc_column_text] CardioVex Holter [\/vc_column_text][vc_separator type=\u00bbtransparent\u00bb up=\u00bb35&#8243; down=\u00bb0&#8243;][vc_column_text]\u00a0Equipos NUEVOS que funcionan con Memoria Extra\u00edble. Versi\u00f3n (4.8.8.0) Contiene el instalador m\u00e1s reciente del programa CardioVex Holter para Windows. \u00a0&#8230;<\/p>\n","protected":false},"author":1,"featured_media":0,"parent":0,"menu_order":0,"comment_status":"closed","ping_status":"closed","template":"full_width.php","meta":{"footnotes":""},"class_list":["post-15619","page","type-page","status-publish","hentry"],"_links":{"self":[{"href":"https:\/\/cardiovex.com.ar\/_stagec\/wp-json\/wp\/v2\/pages\/15619","targetHints":{"allow":["GET"]}}],"collection":[{"href":"https:\/\/cardiovex.com.ar\/_stagec\/wp-json\/wp\/v2\/pages"}],"about":[{"href":"https:\/\/cardiovex.com.ar\/_stagec\/wp-json\/wp\/v2\/types\/page"}],"author":[{"embeddable":true,"href":"https:\/\/cardiovex.com.ar\/_stagec\/wp-json\/wp\/v2\/users\/1"}],"replies":[{"embeddable":true,"href":"https:\/\/cardiovex.com.ar\/_stagec\/wp-json\/wp\/v2\/comments?post=15619"}],"version-history":[{"count":99,"href":"https:\/\/cardiovex.com.ar\/_stagec\/wp-json\/wp\/v2\/pages\/15619\/revisions"}],"predecessor-version":[{"id":16663,"href":"https:\/\/cardiovex.com.ar\/_stagec\/wp-json\/wp\/v2\/pages\/15619\/revisions\/16663"}],"wp:attachment":[{"href":"https:\/\/cardiovex.com.ar\/_stagec\/wp-json\/wp\/v2\/media?parent=15619"}],"curies":[{"name":"wp","href":"https:\/\/api.w.org\/{rel}","templated":true}]}}